{"id":20,"date":"2025-10-30T20:52:26","date_gmt":"2025-10-30T19:52:26","guid":{"rendered":"https:\/\/www.remorques.pro\/?page_id=20"},"modified":"2025-11-14T15:46:58","modified_gmt":"2025-11-14T14:46:58","slug":"benne","status":"publish","type":"page","link":"https:\/\/www.remorques.pro\/","title":{"rendered":"Benne"},"content":{"rendered":"\t\t<div data-elementor-type=\"wp-page\" data-elementor-id=\"20\" class=\"elementor elementor-20\">\n\t\t\t\t<div class=\"elementor-element elementor-element-eba2580 e-flex e-con-boxed e-con e-parent\" data-id=\"eba2580\" data-element_type=\"container\">\n\t\t\t\t\t<div class=\"e-con-inner\">\n\t\t\t\t<div class=\"elementor-element elementor-element-566afec elementor-widget elementor-widget-heading\" data-id=\"566afec\" data-element_type=\"widget\" data-widget_type=\"heading.default\">\n\t\t\t\t\t<h1 class=\"elementor-heading-title elementor-size-default\">Remorques Benne<\/h1>\t\t\t\t<\/div>\n\t\t\t\t<div class=\"elementor-element elementor-element-5443bd7 elementor-invisible elementor-widget elementor-widget-heading\" data-id=\"5443bd7\" data-element_type=\"widget\" data-settings=\"{&quot;_animation&quot;:&quot;flash&quot;}\" data-widget_type=\"heading.default\">\n\t\t\t\t\t<h2 class=\"elementor-heading-title elementor-size-default\">Manuel ou \u00e9lectrique ?<\/h2>\t\t\t\t<\/div>\n\t\t\t\t\t<\/div>\n\t\t\t\t<\/div>\n\t\t<div class=\"elementor-element elementor-element-5a2f29c e-flex e-con-boxed e-con e-parent\" data-id=\"5a2f29c\" data-element_type=\"container\">\n\t\t\t\t\t<div class=\"e-con-inner\">\n\t\t\t\t<div class=\"elementor-element elementor-element-97bfc98 elementor-widget elementor-widget-text-editor\" data-id=\"97bfc98\" data-element_type=\"widget\" data-widget_type=\"text-editor.default\">\n\t\t\t\t\t\t\t\t\t<p><a href=\"https:\/\/www.stock-remorques.fr\/114-bennes\"><img fetchpriority=\"high\" decoding=\"async\" class=\"size-medium wp-image-118 alignright\" src=\"https:\/\/www.remorques.pro\/wp-content\/uploads\/2025\/11\/20250408_184147-300x225.jpg\" alt=\"Remorque benne\" width=\"300\" height=\"225\" srcset=\"https:\/\/www.remorques.pro\/wp-content\/uploads\/2025\/11\/20250408_184147-300x225.jpg 300w, https:\/\/www.remorques.pro\/wp-content\/uploads\/2025\/11\/20250408_184147-1024x768.jpg 1024w, https:\/\/www.remorques.pro\/wp-content\/uploads\/2025\/11\/20250408_184147-768x576.jpg 768w, https:\/\/www.remorques.pro\/wp-content\/uploads\/2025\/11\/20250408_184147-1536x1152.jpg 1536w, https:\/\/www.remorques.pro\/wp-content\/uploads\/2025\/11\/20250408_184147-600x450.jpg 600w, https:\/\/www.remorques.pro\/wp-content\/uploads\/2025\/11\/20250408_184147.jpg 1630w\" sizes=\"(max-width: 300px) 100vw, 300px\" \/><\/a>Il est \u00e9vident qu&rsquo;une remorque benne \u00e9lectrique permettra de vous \u00e9conomiser lors du bennage. L\u00e0 o\u00f9 une pompe manuelle n\u00e9cessite un pompage intensif qui pour de lourde charge peut s&rsquo;av\u00e9rer \u00e9puisant, une pompe \u00e9lectrique est plus rapide et se pilote par un simple bouton.<\/p><p><span style=\"font-size: 1.0625rem;\">Cependant, l&rsquo;option \u00e9lectrique implique une batterie embarqu\u00e9e qu&rsquo;il faudra recharger r\u00e9guli\u00e8rement. La remorque benne \u00e9lectrique est naturellement plus cher vu le mat\u00e9riel n\u00e9cessaire. L&rsquo;investissement en vaut donc la peine si vous avez une<\/span><span style=\"font-size: 1.0625rem;\"> utilisation r\u00e9guli\u00e8re au minimum 1 fois \/ mois. Par contre, si vous prenez une remorque avec un PTAC de moins d&rsquo;une tonne, il est conseill\u00e9 de prendre une benne manuelle, car vous diminuer la charge utile d\u00fb au poids de la batterie, et le fait qu&rsquo;une pompe manuelle ne demande que peu d&rsquo;effort pour les faibles charges. Par contre, si vous comptez transporter des charges de plus d&rsquo;une tonne, il est conseill\u00e9 d&rsquo;utiliser une pompe \u00e9lectrique.<\/span><\/p><p><span style=\"font-size: 1.0625rem;\">\u00a0<\/span><\/p>\t\t\t\t\t\t\t\t<\/div>\n\t\t\t\t\t<\/div>\n\t\t\t\t<\/div>\n\t\t<div class=\"elementor-element elementor-element-a05acbf e-flex e-con-boxed e-con e-parent\" data-id=\"a05acbf\" data-element_type=\"container\">\n\t\t\t\t\t<div class=\"e-con-inner\">\n\t\t\t\t<div class=\"elementor-element elementor-element-b4f7b7c elementor-invisible elementor-widget elementor-widget-heading\" data-id=\"b4f7b7c\" data-element_type=\"widget\" data-settings=\"{&quot;_animation&quot;:&quot;flash&quot;}\" data-widget_type=\"heading.default\">\n\t\t\t\t\t<h2 class=\"elementor-heading-title elementor-size-default\">Planch\u00e9 bois ou acier ?<\/h2>\t\t\t\t<\/div>\n\t\t\t\t\t<\/div>\n\t\t\t\t<\/div>\n\t\t<div class=\"elementor-element elementor-element-b6ad160 e-flex e-con-boxed e-con e-parent\" data-id=\"b6ad160\" data-element_type=\"container\">\n\t\t\t\t\t<div class=\"e-con-inner\">\n\t\t\t\t<div class=\"elementor-element elementor-element-8873c5e elementor-widget elementor-widget-text-editor\" data-id=\"8873c5e\" data-element_type=\"widget\" data-widget_type=\"text-editor.default\">\n\t\t\t\t\t\t\t\t\t<p>La plupart des remorques plateau ont un plancher bois antid\u00e9rapant, mais cela n&rsquo;est pas tr\u00e8s pratique pour le d\u00e9chargement auquel l&rsquo;on souhaite lors du basculement un glissement de la marchandise. C&rsquo;est la raison pour laquelle le plancher dans une remorque benne est g\u00e9n\u00e9ralement lisse.<\/p>\t\t\t\t\t\t\t\t<\/div>\n\t\t\t\t\t<\/div>\n\t\t\t\t<\/div>\n\t\t<div class=\"elementor-element elementor-element-115ef0f e-flex e-con-boxed e-con e-parent\" data-id=\"115ef0f\" data-element_type=\"container\">\n\t\t\t\t\t<div class=\"e-con-inner\">\n\t\t\t\t<div class=\"elementor-element elementor-element-269a4c8 elementor-widget elementor-widget-text-editor\" data-id=\"269a4c8\" data-element_type=\"widget\" data-widget_type=\"text-editor.default\">\n\t\t\t\t\t\t\t\t\t<p>Le Bois \u00e0 l&rsquo;avantage d&rsquo;\u00eatre \u00e9conomique, de ne pas rouiller. Cependant, il se d\u00e9grade rapidement lors de frottement avec des gravats. Si vous utilisez r\u00e9guli\u00e8rement ce type de remorque de fa\u00e7on professionnel, il est imp\u00e9ratif que le plancher de la remorque soit prot\u00e9g\u00e9e par une t\u00f4le.<\/p>\t\t\t\t\t\t\t\t<\/div>\n\t\t\t\t\t<\/div>\n\t\t\t\t<\/div>\n\t\t\t\t<\/div>\n\t\t","protected":false},"excerpt":{"rendered":"<p>Remorques Benne Manuel ou \u00e9lectrique ? Il est \u00e9vident qu&rsquo;une remorque benne \u00e9lectrique permettra de vous \u00e9conomiser lors du bennage. L\u00e0 o\u00f9 une pompe manuelle n\u00e9cessite un pompage intensif qui pour de lourde charge peut s&rsquo;av\u00e9rer \u00e9puisant, une pompe \u00e9lectrique est plus rapide et se pilote par un simple bouton. Cependant, l&rsquo;option \u00e9lectrique implique une&hellip;&nbsp;<a href=\"https:\/\/www.remorques.pro\/\" rel=\"bookmark\"><span class=\"screen-reader-text\">Benne<\/span><\/a><\/p>\n","protected":false},"author":1,"featured_media":0,"parent":0,"menu_order":0,"comment_status":"closed","ping_status":"closed","template":"elementor_header_footer","meta":{"neve_meta_sidebar":"","neve_meta_container":"","neve_meta_enable_content_width":"","neve_meta_content_width":0,"neve_meta_title_alignment":"","neve_meta_author_avatar":"","neve_post_elements_order":"","neve_meta_disable_header":"","neve_meta_disable_footer":"","neve_meta_disable_title":"","footnotes":""},"class_list":["post-20","page","type-page","status-publish","hentry"],"yoast_head":"<!-- This site is optimized with the Yoast SEO plugin v26.8 - https:\/\/yoast.com\/product\/yoast-seo-wordpress\/ -->\n<title>Benne - Remorques Pro - Des remorques pour un usage professionnelle<\/title>\n<meta name=\"robots\" content=\"index, follow, max-snippet:-1, max-image-preview:large, max-video-preview:-1\" \/>\n<link rel=\"canonical\" href=\"https:\/\/www.remorques.pro\/\" \/>\n<meta property=\"og:locale\" content=\"fr_FR\" \/>\n<meta property=\"og:type\" content=\"article\" \/>\n<meta property=\"og:title\" content=\"Benne - Remorques Pro - Des remorques pour un usage professionnelle\" \/>\n<meta property=\"og:description\" content=\"Remorques Benne Manuel ou \u00e9lectrique ? Il est \u00e9vident qu&rsquo;une remorque benne \u00e9lectrique permettra de vous \u00e9conomiser lors du bennage. L\u00e0 o\u00f9 une pompe manuelle n\u00e9cessite un pompage intensif qui pour de lourde charge peut s&rsquo;av\u00e9rer \u00e9puisant, une pompe \u00e9lectrique est plus rapide et se pilote par un simple bouton. Cependant, l&rsquo;option \u00e9lectrique implique une&hellip;&nbsp;Benne\" \/>\n<meta property=\"og:url\" content=\"https:\/\/www.remorques.pro\/\" \/>\n<meta property=\"og:site_name\" content=\"Remorques Pro - Des remorques pour un usage professionnelle\" \/>\n<meta property=\"article:modified_time\" content=\"2025-11-14T14:46:58+00:00\" \/>\n<meta property=\"og:image\" content=\"https:\/\/www.remorques.pro\/wp-content\/uploads\/2025\/11\/20250408_184147.jpg\" \/>\n\t<meta property=\"og:image:width\" content=\"1630\" \/>\n\t<meta property=\"og:image:height\" content=\"1223\" \/>\n\t<meta property=\"og:image:type\" content=\"image\/jpeg\" \/>\n<meta name=\"twitter:card\" content=\"summary_large_image\" \/>\n<meta name=\"twitter:label1\" content=\"Dur\u00e9e de lecture estim\u00e9e\" \/>\n\t<meta name=\"twitter:data1\" content=\"2 minutes\" \/>\n<script type=\"application\/ld+json\" class=\"yoast-schema-graph\">{\"@context\":\"https:\/\/schema.org\",\"@graph\":[{\"@type\":\"WebPage\",\"@id\":\"https:\/\/www.remorques.pro\/\",\"url\":\"https:\/\/www.remorques.pro\/\",\"name\":\"Benne - Remorques Pro - Des remorques pour un usage professionnelle\",\"isPartOf\":{\"@id\":\"https:\/\/www.remorques.pro\/#website\"},\"primaryImageOfPage\":{\"@id\":\"https:\/\/www.remorques.pro\/#primaryimage\"},\"image\":{\"@id\":\"https:\/\/www.remorques.pro\/#primaryimage\"},\"thumbnailUrl\":\"https:\/\/www.remorques.pro\/wp-content\/uploads\/2025\/11\/20250408_184147-300x225.jpg\",\"datePublished\":\"2025-10-30T19:52:26+00:00\",\"dateModified\":\"2025-11-14T14:46:58+00:00\",\"breadcrumb\":{\"@id\":\"https:\/\/www.remorques.pro\/#breadcrumb\"},\"inLanguage\":\"fr-FR\",\"potentialAction\":[{\"@type\":\"ReadAction\",\"target\":[\"https:\/\/www.remorques.pro\/\"]}]},{\"@type\":\"ImageObject\",\"inLanguage\":\"fr-FR\",\"@id\":\"https:\/\/www.remorques.pro\/#primaryimage\",\"url\":\"https:\/\/www.remorques.pro\/wp-content\/uploads\/2025\/11\/20250408_184147.jpg\",\"contentUrl\":\"https:\/\/www.remorques.pro\/wp-content\/uploads\/2025\/11\/20250408_184147.jpg\",\"width\":1630,\"height\":1223,\"caption\":\"Remorque benne\"},{\"@type\":\"BreadcrumbList\",\"@id\":\"https:\/\/www.remorques.pro\/#breadcrumb\",\"itemListElement\":[{\"@type\":\"ListItem\",\"position\":1,\"name\":\"Accueil\",\"item\":\"https:\/\/www.remorques.pro\/\"},{\"@type\":\"ListItem\",\"position\":2,\"name\":\"Benne\"}]},{\"@type\":\"WebSite\",\"@id\":\"https:\/\/www.remorques.pro\/#website\",\"url\":\"https:\/\/www.remorques.pro\/\",\"name\":\"Remorques Pro - Des remorques pour un usage professionnelle\",\"description\":\"\",\"publisher\":{\"@id\":\"https:\/\/www.remorques.pro\/#organization\"},\"potentialAction\":[{\"@type\":\"SearchAction\",\"target\":{\"@type\":\"EntryPoint\",\"urlTemplate\":\"https:\/\/www.remorques.pro\/?s={search_term_string}\"},\"query-input\":{\"@type\":\"PropertyValueSpecification\",\"valueRequired\":true,\"valueName\":\"search_term_string\"}}],\"inLanguage\":\"fr-FR\"},{\"@type\":\"Organization\",\"@id\":\"https:\/\/www.remorques.pro\/#organization\",\"name\":\"Remorques Pro - Des remorques pour un usage professionnelle\",\"url\":\"https:\/\/www.remorques.pro\/\",\"logo\":{\"@type\":\"ImageObject\",\"inLanguage\":\"fr-FR\",\"@id\":\"https:\/\/www.remorques.pro\/#\/schema\/logo\/image\/\",\"url\":\"https:\/\/www.remorques.pro\/wp-content\/uploads\/2025\/11\/remorque_pro2.svg\",\"contentUrl\":\"https:\/\/www.remorques.pro\/wp-content\/uploads\/2025\/11\/remorque_pro2.svg\",\"width\":384,\"height\":384,\"caption\":\"Remorques Pro - Des remorques pour un usage professionnelle\"},\"image\":{\"@id\":\"https:\/\/www.remorques.pro\/#\/schema\/logo\/image\/\"}}]}<\/script>\n<!-- \/ Yoast SEO plugin. -->","yoast_head_json":{"title":"Benne - Remorques Pro - Des remorques pour un usage professionnelle","robots":{"index":"index","follow":"follow","max-snippet":"max-snippet:-1","max-image-preview":"max-image-preview:large","max-video-preview":"max-video-preview:-1"},"canonical":"https:\/\/www.remorques.pro\/","og_locale":"fr_FR","og_type":"article","og_title":"Benne - Remorques Pro - Des remorques pour un usage professionnelle","og_description":"Remorques Benne Manuel ou \u00e9lectrique ? Il est \u00e9vident qu&rsquo;une remorque benne \u00e9lectrique permettra de vous \u00e9conomiser lors du bennage. L\u00e0 o\u00f9 une pompe manuelle n\u00e9cessite un pompage intensif qui pour de lourde charge peut s&rsquo;av\u00e9rer \u00e9puisant, une pompe \u00e9lectrique est plus rapide et se pilote par un simple bouton. Cependant, l&rsquo;option \u00e9lectrique implique une&hellip;&nbsp;Benne","og_url":"https:\/\/www.remorques.pro\/","og_site_name":"Remorques Pro - Des remorques pour un usage professionnelle","article_modified_time":"2025-11-14T14:46:58+00:00","og_image":[{"width":1630,"height":1223,"url":"https:\/\/www.remorques.pro\/wp-content\/uploads\/2025\/11\/20250408_184147.jpg","type":"image\/jpeg"}],"twitter_card":"summary_large_image","twitter_misc":{"Dur\u00e9e de lecture estim\u00e9e":"2 minutes"},"schema":{"@context":"https:\/\/schema.org","@graph":[{"@type":"WebPage","@id":"https:\/\/www.remorques.pro\/","url":"https:\/\/www.remorques.pro\/","name":"Benne - Remorques Pro - Des remorques pour un usage professionnelle","isPartOf":{"@id":"https:\/\/www.remorques.pro\/#website"},"primaryImageOfPage":{"@id":"https:\/\/www.remorques.pro\/#primaryimage"},"image":{"@id":"https:\/\/www.remorques.pro\/#primaryimage"},"thumbnailUrl":"https:\/\/www.remorques.pro\/wp-content\/uploads\/2025\/11\/20250408_184147-300x225.jpg","datePublished":"2025-10-30T19:52:26+00:00","dateModified":"2025-11-14T14:46:58+00:00","breadcrumb":{"@id":"https:\/\/www.remorques.pro\/#breadcrumb"},"inLanguage":"fr-FR","potentialAction":[{"@type":"ReadAction","target":["https:\/\/www.remorques.pro\/"]}]},{"@type":"ImageObject","inLanguage":"fr-FR","@id":"https:\/\/www.remorques.pro\/#primaryimage","url":"https:\/\/www.remorques.pro\/wp-content\/uploads\/2025\/11\/20250408_184147.jpg","contentUrl":"https:\/\/www.remorques.pro\/wp-content\/uploads\/2025\/11\/20250408_184147.jpg","width":1630,"height":1223,"caption":"Remorque benne"},{"@type":"BreadcrumbList","@id":"https:\/\/www.remorques.pro\/#breadcrumb","itemListElement":[{"@type":"ListItem","position":1,"name":"Accueil","item":"https:\/\/www.remorques.pro\/"},{"@type":"ListItem","position":2,"name":"Benne"}]},{"@type":"WebSite","@id":"https:\/\/www.remorques.pro\/#website","url":"https:\/\/www.remorques.pro\/","name":"Remorques Pro - Des remorques pour un usage professionnelle","description":"","publisher":{"@id":"https:\/\/www.remorques.pro\/#organization"},"potentialAction":[{"@type":"SearchAction","target":{"@type":"EntryPoint","urlTemplate":"https:\/\/www.remorques.pro\/?s={search_term_string}"},"query-input":{"@type":"PropertyValueSpecification","valueRequired":true,"valueName":"search_term_string"}}],"inLanguage":"fr-FR"},{"@type":"Organization","@id":"https:\/\/www.remorques.pro\/#organization","name":"Remorques Pro - Des remorques pour un usage professionnelle","url":"https:\/\/www.remorques.pro\/","logo":{"@type":"ImageObject","inLanguage":"fr-FR","@id":"https:\/\/www.remorques.pro\/#\/schema\/logo\/image\/","url":"https:\/\/www.remorques.pro\/wp-content\/uploads\/2025\/11\/remorque_pro2.svg","contentUrl":"https:\/\/www.remorques.pro\/wp-content\/uploads\/2025\/11\/remorque_pro2.svg","width":384,"height":384,"caption":"Remorques Pro - Des remorques pour un usage professionnelle"},"image":{"@id":"https:\/\/www.remorques.pro\/#\/schema\/logo\/image\/"}}]}},"_links":{"self":[{"href":"https:\/\/www.remorques.pro\/index.php\/wp-json\/wp\/v2\/pages\/20","targetHints":{"allow":["GET"]}}],"collection":[{"href":"https:\/\/www.remorques.pro\/index.php\/wp-json\/wp\/v2\/pages"}],"about":[{"href":"https:\/\/www.remorques.pro\/index.php\/wp-json\/wp\/v2\/types\/page"}],"author":[{"embeddable":true,"href":"https:\/\/www.remorques.pro\/index.php\/wp-json\/wp\/v2\/users\/1"}],"replies":[{"embeddable":true,"href":"https:\/\/www.remorques.pro\/index.php\/wp-json\/wp\/v2\/comments?post=20"}],"version-history":[{"count":15,"href":"https:\/\/www.remorques.pro\/index.php\/wp-json\/wp\/v2\/pages\/20\/revisions"}],"predecessor-version":[{"id":121,"href":"https:\/\/www.remorques.pro\/index.php\/wp-json\/wp\/v2\/pages\/20\/revisions\/121"}],"wp:attachment":[{"href":"https:\/\/www.remorques.pro\/index.php\/wp-json\/wp\/v2\/media?parent=20"}],"curies":[{"name":"wp","href":"https:\/\/api.w.org\/{rel}","templated":true}]}}